{"id":8522,"date":"2015-03-13T16:30:46","date_gmt":"2015-03-13T15:30:46","guid":{"rendered":"https:\/\/www.seah.net\/notre-activite\/"},"modified":"2017-11-13T15:55:22","modified_gmt":"2017-11-13T14:55:22","slug":"notre-activite","status":"publish","type":"page","link":"https:\/\/www.seah.net\/es\/notre-activite\/","title":{"rendered":"Nuestra actividad"},"content":{"rendered":"<p>[mk_page_section attachment=&#8221;fixed&#8221; bg_position=&#8221;center top&#8221; bg_repeat=&#8221;no-repeat&#8221; bg_stretch=&#8221;true&#8221; enable_3d=&#8221;true&#8221; bg_gradient=&#8221;vertical&#8221; video_color_mask=&#8221;rgba(255,255,255,0.66)&#8221; gr_end=&#8221;#ffffff&#8221; video_opacity=&#8221;0.9&#8243; padding_top=&#8221;50&#8243; sidebar=&#8221;sidebar-1&#8243; first_page=&#8221;false&#8221; last_page=&#8221;false&#8221;][vc_column width=&#8221;1\/3&#8243;][mk_padding_divider size=&#8221;50&#8243;][mk_image src=&#8221;https:\/\/www.seah.net\/wp-content\/uploads\/2015\/03\/OK-SEAH-004-e1430731701139.jpg&#8221; image_height=&#8221;400&#8243; crop=&#8221;true&#8221;][mk_padding_divider size=&#8221;30&#8243;][\/vc_column][vc_column width=&#8221;2\/3&#8243;][vc_column_text disable_pattern=&#8221;false&#8221;]<\/p>\n<h2 class=\"p1\">Especialistas en ingredientes innovadores desde hace m\u00e1s de 35 a\u00f1os<\/h2>\n<p>SEAH International fue creada en 1980 para extraer y ofrecer lo mejor de la riqueza de la naturaleza.<\/p>\n<p>Desde hace m\u00e1s de 35 a\u00f1os, SEAH International distribuye una gran gama de ingredientes naturales e innovadores (marinos, vegetales, minerales, extractos de plantas\u2026).<\/p>\n<p>Nuestra experiencia est\u00e1 reconocida internacionalmente en los sectores agroalimentarios, diet\u00e9ticos, nutricionales y tambi\u00e9n en las industrias de cosm\u00e9ticos y farmac\u00e9uticos.<\/p>\n<p>Nuestro equipo de especialistas queda a su disposici\u00f3n para apoyarle con consejos y sugerencias en la realizaci\u00f3n de sus formulaciones.<\/p>\n<h2 class=\"p1\"><\/h2>\n<p>[\/vc_column_text][mk_padding_divider][\/vc_column][\/mk_page_section]<\/p>\n","protected":false},"excerpt":{"rendered":"<p>[mk_page_section attachment=&#8221;fixed&#8221; bg_position=&#8221;center top&#8221; bg_repeat=&#8221;no-repeat&#8221; bg_stretch=&#8221;true&#8221; enable_3d=&#8221;true&#8221; bg_gradient=&#8221;vertical&#8221; video_color_mask=&#8221;rgba(255,255,255,0.66)&#8221; gr_end=&#8221;#ffffff&#8221; video_opacity=&#8221;0.9&#8243; padding_top=&#8221;50&#8243; sidebar=&#8221;sidebar-1&#8243; first_page=&#8221;false&#8221; last_page=&#8221;false&#8221;][vc_column width=&#8221;1\/3&#8243;][mk_padding_divider size=&#8221;50&#8243;][mk_image src=&#8221;https:\/\/www.seah.net\/wp-content\/uploads\/2015\/03\/OK-SEAH-004-e1430731701139.jpg&#8221; image_height=&#8221;400&#8243; crop=&#8221;true&#8221;][mk_padding_divider size=&#8221;30&#8243;][\/vc_column][vc_column width=&#8221;2\/3&#8243;][vc_column_text disable_pattern=&#8221;false&#8221;] Especialistas en ingredientes innovadores desde hace m\u00e1s de 35 a\u00f1os SEAH International fue creada en 1980 para extraer y ofrecer lo mejor de la riqueza de la naturaleza. Desde hace m\u00e1s de [&hellip;]<\/p>\n","protected":false},"author":6,"featured_media":0,"parent":0,"menu_order":0,"comment_status":"open","ping_status":"closed","template":"","meta":{"_acf_changed":false,"footnotes":""},"class_list":["post-8522","page","type-page","status-publish","hentry"],"acf":[],"_links":{"self":[{"href":"https:\/\/www.seah.net\/es\/wp-json\/wp\/v2\/pages\/8522","targetHints":{"allow":["GET"]}}],"collection":[{"href":"https:\/\/www.seah.net\/es\/wp-json\/wp\/v2\/pages"}],"about":[{"href":"https:\/\/www.seah.net\/es\/wp-json\/wp\/v2\/types\/page"}],"author":[{"embeddable":true,"href":"https:\/\/www.seah.net\/es\/wp-json\/wp\/v2\/users\/6"}],"replies":[{"embeddable":true,"href":"https:\/\/www.seah.net\/es\/wp-json\/wp\/v2\/comments?post=8522"}],"version-history":[{"count":6,"href":"https:\/\/www.seah.net\/es\/wp-json\/wp\/v2\/pages\/8522\/revisions"}],"predecessor-version":[{"id":8704,"href":"https:\/\/www.seah.net\/es\/wp-json\/wp\/v2\/pages\/8522\/revisions\/8704"}],"wp:attachment":[{"href":"https:\/\/www.seah.net\/es\/wp-json\/wp\/v2\/media?parent=8522"}],"curies":[{"name":"wp","href":"https:\/\/api.w.org\/{rel}","templated":true}]}}