{"id":8534,"date":"2015-04-23T08:29:19","date_gmt":"2015-04-23T07:29:19","guid":{"rendered":"https:\/\/www.seah.net\/logistique\/"},"modified":"2017-11-10T16:58:29","modified_gmt":"2017-11-10T15:58:29","slug":"logistique","status":"publish","type":"page","link":"https:\/\/www.seah.net\/es\/logistique\/","title":{"rendered":"Log\u00edstica"},"content":{"rendered":"<p>[mk_page_section attachment=&#8221;fixed&#8221; bg_position=&#8221;center top&#8221; bg_repeat=&#8221;no-repeat&#8221; bg_stretch=&#8221;true&#8221; enable_3d=&#8221;true&#8221; bg_gradient=&#8221;vertical&#8221; video_color_mask=&#8221;rgba(255,255,255,0.66)&#8221; gr_end=&#8221;#ffffff&#8221; video_opacity=&#8221;0.9&#8243; padding_top=&#8221;50&#8243; sidebar=&#8221;sidebar-1&#8243; first_page=&#8221;false&#8221; last_page=&#8221;false&#8221;][vc_column width=&#8221;1\/3&#8243;][mk_image src=&#8221;https:\/\/www.seah.net\/wp-content\/uploads\/2015\/03\/OK-SOPRO-001-e1429631798874.jpg&#8221; image_height=&#8221;738&#8243; lightbox=&#8221;true&#8221; animation=&#8221;fade-in&#8221; crop=&#8221;false&#8221;][mk_image src=&#8221;https:\/\/www.seah.net\/wp-content\/uploads\/2016\/09\/entrept-igloo-e1474473334433.jpg&#8221; lightbox=&#8221;true&#8221; crop=&#8221;true&#8221;][mk_padding_divider size=&#8221;30&#8243;][\/vc_column][vc_column width=&#8221;2\/3&#8243;][vc_column_text disable_pattern=&#8221;false&#8221;]<\/p>\n<h2 class=\"p1\">Nuestra fuerza log\u00edstica<\/h2>\n<p>Apoyados por un grupo estrat\u00e9gico y diverso, nuestras implantaciones log\u00edsticas garantizan eficiencia y competitividad.<\/p>\n<p>El control de los reglamentos internacionales y el seguimiento de las evoluciones legales en relaci\u00f3n con el transporte y los intercambios internacionales es parte de nuestro cotidiano.<\/p>\n<p>La localizaci\u00f3n de nuestros diferentes almacenes permite proporcionar una oferta log\u00edstica completa con flujos optimizados.<\/p>\n<p>SEAH International ofrece una extensa gama de servicios personalizados: embalajes, paletizaci\u00f3n, agrupamiento de mercanc\u00edas, almacenamiento en almacenes dedicados y frigor\u00edficos&#8230;<\/p>\n<h2 class=\"p1\"><\/h2>\n<p>[\/vc_column_text][\/vc_column][\/mk_page_section]<\/p>\n","protected":false},"excerpt":{"rendered":"<p>[mk_page_section attachment=&#8221;fixed&#8221; bg_position=&#8221;center top&#8221; bg_repeat=&#8221;no-repeat&#8221; bg_stretch=&#8221;true&#8221; enable_3d=&#8221;true&#8221; bg_gradient=&#8221;vertical&#8221; video_color_mask=&#8221;rgba(255,255,255,0.66)&#8221; gr_end=&#8221;#ffffff&#8221; video_opacity=&#8221;0.9&#8243; padding_top=&#8221;50&#8243; sidebar=&#8221;sidebar-1&#8243; first_page=&#8221;false&#8221; last_page=&#8221;false&#8221;][vc_column width=&#8221;1\/3&#8243;][mk_image src=&#8221;https:\/\/www.seah.net\/wp-content\/uploads\/2015\/03\/OK-SOPRO-001-e1429631798874.jpg&#8221; image_height=&#8221;738&#8243; lightbox=&#8221;true&#8221; animation=&#8221;fade-in&#8221; crop=&#8221;false&#8221;][mk_image src=&#8221;https:\/\/www.seah.net\/wp-content\/uploads\/2016\/09\/entrept-igloo-e1474473334433.jpg&#8221; lightbox=&#8221;true&#8221; crop=&#8221;true&#8221;][mk_padding_divider size=&#8221;30&#8243;][\/vc_column][vc_column width=&#8221;2\/3&#8243;][vc_column_text disable_pattern=&#8221;false&#8221;] Nuestra fuerza log\u00edstica Apoyados por un grupo estrat\u00e9gico y diverso, nuestras implantaciones log\u00edsticas garantizan eficiencia y competitividad. El control de los reglamentos internacionales y el seguimiento de las [&hellip;]<\/p>\n","protected":false},"author":6,"featured_media":0,"parent":0,"menu_order":0,"comment_status":"open","ping_status":"closed","template":"","meta":{"_acf_changed":false,"footnotes":""},"class_list":["post-8534","page","type-page","status-publish","hentry"],"acf":[],"_links":{"self":[{"href":"https:\/\/www.seah.net\/es\/wp-json\/wp\/v2\/pages\/8534","targetHints":{"allow":["GET"]}}],"collection":[{"href":"https:\/\/www.seah.net\/es\/wp-json\/wp\/v2\/pages"}],"about":[{"href":"https:\/\/www.seah.net\/es\/wp-json\/wp\/v2\/types\/page"}],"author":[{"embeddable":true,"href":"https:\/\/www.seah.net\/es\/wp-json\/wp\/v2\/users\/6"}],"replies":[{"embeddable":true,"href":"https:\/\/www.seah.net\/es\/wp-json\/wp\/v2\/comments?post=8534"}],"version-history":[{"count":4,"href":"https:\/\/www.seah.net\/es\/wp-json\/wp\/v2\/pages\/8534\/revisions"}],"predecessor-version":[{"id":8673,"href":"https:\/\/www.seah.net\/es\/wp-json\/wp\/v2\/pages\/8534\/revisions\/8673"}],"wp:attachment":[{"href":"https:\/\/www.seah.net\/es\/wp-json\/wp\/v2\/media?parent=8534"}],"curies":[{"name":"wp","href":"https:\/\/api.w.org\/{rel}","templated":true}]}}