{"id":8545,"date":"2015-04-22T15:50:00","date_gmt":"2015-04-22T14:50:00","guid":{"rendered":"https:\/\/www.seah.net\/ingredients-dorigine-vegetale\/"},"modified":"2023-06-30T10:42:25","modified_gmt":"2023-06-30T09:42:25","slug":"ingredients-dorigine-vegetale","status":"publish","type":"page","link":"https:\/\/www.seah.net\/es\/ingredients-dorigine-vegetale\/","title":{"rendered":"Ingredientes de origen vegetal"},"content":{"rendered":"<div class=\"wpb-content-wrapper\"><p>[vc_row][vc_column][mk_padding_divider][\/vc_column][\/vc_row][vc_row][vc_column width=&#8221;1\/3&#8243;][mk_circle_image src=&#8221;https:\/\/www.seah.net\/wp-content\/uploads\/2015\/04\/iStock_000013870739XLarge-e1429169124472.jpg&#8221; animation=&#8221;fade-in&#8221;][\/vc_column][vc_column width=&#8221;2\/3&#8243;][vc_column_text disable_pattern=&#8221;false&#8221; align=&#8221;center&#8221; animation=&#8221;fade-in&#8221;]<\/p>\n<h2 style=\"text-align: left;\">Prote\u00ednas, aceites y extractos<\/h2>\n<p>[\/vc_column_text][mk_divider style=&#8221;thin_solid&#8221; divider_width=&#8221;one_fourth&#8221; align=&#8221;left&#8221; thickness=&#8221;2&#8243; margin_top=&#8221;0&#8243;][vc_column_text disable_pattern=&#8221;false&#8221; css=&#8221;.vc_custom_1688118141327{margin-bottom: 0px !important;}&#8221;]Ofrecemos una gama de ingredientes naturales de origen vegetal:<\/p>\n<ul>\n<li><strong>Gomas y hidrocoloides naturales:<\/strong> guar, garrof\u00edn, xantana, tara, konjac&#8230;<\/li>\n<li><strong>Fuentes de prote\u00edna:<\/strong> soya, guisante, arroz, c\u00e1\u00f1amo, calabaza, girasol, lino..<\/li>\n<li><strong>Aceites vegetales:<\/strong> lino, borraja, onagra, germen de trigo&#8230;<\/li>\n<li><strong>Fuentes de fibras:<\/strong> psyllium, ch\u00eda&#8230;<\/li>\n<li><strong>Extractos de plantas:<\/strong> acerola, ajo, alo\u00e9 vera, ginseng, goji, lino, granos de uva, t\u00e9 verde&#8230;<\/li>\n<\/ul>\n<p>[\/vc_column_text][mk_padding_divider size=&#8221;100&#8243;][\/vc_column][\/vc_row]<\/p>\n<\/div>","protected":false},"excerpt":{"rendered":"<p>[vc_row][vc_column][mk_padding_divider][\/vc_column][\/vc_row][vc_row][vc_column width=&#8221;1\/3&#8243;][mk_circle_image src=&#8221;https:\/\/www.seah.net\/wp-content\/uploads\/2015\/04\/iStock_000013870739XLarge-e1429169124472.jpg&#8221; animation=&#8221;fade-in&#8221;][\/vc_column][vc_column width=&#8221;2\/3&#8243;][vc_column_text disable_pattern=&#8221;false&#8221; align=&#8221;center&#8221; animation=&#8221;fade-in&#8221;] Prote\u00ednas, aceites y extractos [\/vc_column_text][mk_divider style=&#8221;thin_solid&#8221; divider_width=&#8221;one_fourth&#8221; align=&#8221;left&#8221; thickness=&#8221;2&#8243; margin_top=&#8221;0&#8243;][vc_column_text disable_pattern=&#8221;false&#8221; css=&#8221;.vc_custom_1688118141327{margin-bottom: 0px !important;}&#8221;]Ofrecemos una gama de ingredientes naturales de origen vegetal: Gomas y hidrocoloides naturales: guar, garrof\u00edn, xantana, tara, konjac&#8230; Fuentes de prote\u00edna: soya, guisante, arroz, c\u00e1\u00f1amo, calabaza, girasol, lino.. Aceites vegetales: lino, borraja, onagra, germen [&hellip;]<\/p>\n","protected":false},"author":6,"featured_media":0,"parent":0,"menu_order":0,"comment_status":"open","ping_status":"closed","template":"","meta":{"_acf_changed":false,"footnotes":""},"class_list":["post-8545","page","type-page","status-publish","hentry"],"acf":[],"_links":{"self":[{"href":"https:\/\/www.seah.net\/es\/wp-json\/wp\/v2\/pages\/8545","targetHints":{"allow":["GET"]}}],"collection":[{"href":"https:\/\/www.seah.net\/es\/wp-json\/wp\/v2\/pages"}],"about":[{"href":"https:\/\/www.seah.net\/es\/wp-json\/wp\/v2\/types\/page"}],"author":[{"embeddable":true,"href":"https:\/\/www.seah.net\/es\/wp-json\/wp\/v2\/users\/6"}],"replies":[{"embeddable":true,"href":"https:\/\/www.seah.net\/es\/wp-json\/wp\/v2\/comments?post=8545"}],"version-history":[{"count":7,"href":"https:\/\/www.seah.net\/es\/wp-json\/wp\/v2\/pages\/8545\/revisions"}],"predecessor-version":[{"id":9411,"href":"https:\/\/www.seah.net\/es\/wp-json\/wp\/v2\/pages\/8545\/revisions\/9411"}],"wp:attachment":[{"href":"https:\/\/www.seah.net\/es\/wp-json\/wp\/v2\/media?parent=8545"}],"curies":[{"name":"wp","href":"https:\/\/api.w.org\/{rel}","templated":true}]}}