{"id":8563,"date":"2015-04-28T09:42:05","date_gmt":"2015-04-28T08:42:05","guid":{"rendered":"https:\/\/www.seah.net\/nutrition\/"},"modified":"2023-06-30T10:51:55","modified_gmt":"2023-06-30T09:51:55","slug":"nutrition","status":"publish","type":"page","link":"https:\/\/www.seah.net\/es\/nutrition\/","title":{"rendered":"Nutrici\u00f3n"},"content":{"rendered":"<div class=\"wpb-content-wrapper\"><p>[vc_row][vc_column width=&#8221;1\/3&#8243;][mk_circle_image src=&#8221;https:\/\/www.seah.net\/wp-content\/uploads\/2015\/05\/iStock_000017684816_XXXLarge-e1431353411947.jpg&#8221; image_diameter=&#8221;400&#8243; animation=&#8221;fade-in&#8221;][mk_padding_divider][mk_circle_image src=&#8221;https:\/\/www.seah.net\/wp-content\/uploads\/2015\/03\/iStock_000036091810Large-e1428415929762.jpg&#8221; image_diameter=&#8221;400&#8243;][mk_padding_divider size=&#8221;30&#8243;][\/vc_column][vc_column width=&#8221;2\/3&#8243;][vc_column_text disable_pattern=&#8221;false&#8221; align=&#8221;center&#8221; animation=&#8221;fade-in&#8221;]<\/p>\n<h2 style=\"text-align: left;\">Activos y nutrimientos naturales<\/h2>\n<p>[\/vc_column_text][mk_divider style=&#8221;thin_solid&#8221; divider_width=&#8221;one_fourth&#8221; align=&#8221;left&#8221; thickness=&#8221;2&#8243; margin_top=&#8221;0&#8243;][vc_column_text disable_pattern=&#8221;false&#8221; css=&#8221;.vc_custom_1688118710270{margin-bottom: 0px !important;}&#8221;]Con la r\u00e1pida evoluci\u00f3n de la investigaci\u00f3n nutrici\u00f3nal y gracias a sus colaboraciones hist\u00f3ricas, SEAH International puede ofrecerle ingredientes naturales para diferentes aplicaciones que aumenten la riqueza nutricional de su producto final:<\/p>\n<ul>\n<li><strong>Activos marinos:<\/strong> col\u00e1geno, chitos\u00e1n, glucosamina, condroitina, p\u00e9ptidos&#8230;<\/li>\n<li><strong>Micro y macro-algas:<\/strong> espirulina, chlorella, klamath, ascophyllum, fucus&#8230;<\/li>\n<li><strong>Prote\u00ednas:<\/strong> soya, guisante, arroz, c\u00e1\u00f1ama, calabaza, girasol, lino, qu\u00ednoa, ch\u00eda, tomate, lenteja&#8230;<\/li>\n<li><strong>Vitaminas :<\/strong> liquen, hueso de melocot\u00f3n, soya, shiitake, albahanca&#8230;<\/li>\n<li><strong>Fibras:<\/strong> psyllium, ch\u00eda&#8230;<\/li>\n<li><strong>Minerales y oligoelementos:<\/strong> hueso de pescado, coral, lithothamne&#8230;<\/li>\n<li><strong>Extractos de plantas titulados:<\/strong> ajo, lupolo, acerola&#8230;<\/li>\n<li><strong>Fermentos l\u00e1cticos:<\/strong> diferentes concentraciones y mezclas a petici\u00f3n<\/li>\n<li><strong>Amino\u00e1cidos:<\/strong> L-glutamina, L-lisina, L-metionina, L-arginina, L-carnitina, L-proline&#8230;<\/li>\n<\/ul>\n<p>[\/vc_column_text][mk_padding_divider][vc_column_text disable_pattern=&#8221;false&#8221; align=&#8221;center&#8221; animation=&#8221;fade-in&#8221;]<\/p>\n<h2 style=\"text-align: left;\">Nutrici\u00f3n animal y veterinaria<\/h2>\n<p>[\/vc_column_text][mk_divider style=&#8221;thin_solid&#8221; divider_width=&#8221;one_fourth&#8221; align=&#8221;left&#8221; thickness=&#8221;2&#8243; margin_top=&#8221;0&#8243;][vc_column_text disable_pattern=&#8221;false&#8221;]Atentos a la salud de los animales dom\u00e9sticos, SEAH International es participante en la industria veterinaria.<br \/>\nHemos desarrollado una gama de ingredientes con alto valor a\u00f1adido que responde a las problem\u00e1ticas actuales como la movilidad, la visi\u00f3n, los trastornos digestivos, las funciones hep\u00e1ticas&#8230;<\/p>\n<p>Para aplicaciones variadas en nutrici\u00f3n animal (rumiantes, mascotas, pescados, camarones, aves, cerdos), descubre la gama de ingredientes propuestos por nuestra filial Soprop\u00eache: <a href=\"http:\/\/www.sopropeche.com\/es\/\" target=\"_blank\" rel=\"noopener noreferrer\">www.sopropeche.com<\/a>, una empresa participante a nuestro grupo.[\/vc_column_text][\/vc_column][\/vc_row]<\/p>\n<\/div>","protected":false},"excerpt":{"rendered":"<p>[vc_row][vc_column width=&#8221;1\/3&#8243;][mk_circle_image src=&#8221;https:\/\/www.seah.net\/wp-content\/uploads\/2015\/05\/iStock_000017684816_XXXLarge-e1431353411947.jpg&#8221; image_diameter=&#8221;400&#8243; animation=&#8221;fade-in&#8221;][mk_padding_divider][mk_circle_image src=&#8221;https:\/\/www.seah.net\/wp-content\/uploads\/2015\/03\/iStock_000036091810Large-e1428415929762.jpg&#8221; image_diameter=&#8221;400&#8243;][mk_padding_divider size=&#8221;30&#8243;][\/vc_column][vc_column width=&#8221;2\/3&#8243;][vc_column_text disable_pattern=&#8221;false&#8221; align=&#8221;center&#8221; animation=&#8221;fade-in&#8221;] Activos y nutrimientos naturales [\/vc_column_text][mk_divider style=&#8221;thin_solid&#8221; divider_width=&#8221;one_fourth&#8221; align=&#8221;left&#8221; thickness=&#8221;2&#8243; margin_top=&#8221;0&#8243;][vc_column_text disable_pattern=&#8221;false&#8221; css=&#8221;.vc_custom_1688118710270{margin-bottom: 0px !important;}&#8221;]Con la r\u00e1pida evoluci\u00f3n de la investigaci\u00f3n nutrici\u00f3nal y gracias a sus colaboraciones hist\u00f3ricas, SEAH International puede ofrecerle ingredientes naturales para diferentes aplicaciones que aumenten la riqueza nutricional de su [&hellip;]<\/p>\n","protected":false},"author":6,"featured_media":0,"parent":0,"menu_order":0,"comment_status":"open","ping_status":"closed","template":"","meta":{"_acf_changed":false,"footnotes":""},"class_list":["post-8563","page","type-page","status-publish","hentry"],"acf":[],"_links":{"self":[{"href":"https:\/\/www.seah.net\/es\/wp-json\/wp\/v2\/pages\/8563","targetHints":{"allow":["GET"]}}],"collection":[{"href":"https:\/\/www.seah.net\/es\/wp-json\/wp\/v2\/pages"}],"about":[{"href":"https:\/\/www.seah.net\/es\/wp-json\/wp\/v2\/types\/page"}],"author":[{"embeddable":true,"href":"https:\/\/www.seah.net\/es\/wp-json\/wp\/v2\/users\/6"}],"replies":[{"embeddable":true,"href":"https:\/\/www.seah.net\/es\/wp-json\/wp\/v2\/comments?post=8563"}],"version-history":[{"count":9,"href":"https:\/\/www.seah.net\/es\/wp-json\/wp\/v2\/pages\/8563\/revisions"}],"predecessor-version":[{"id":9417,"href":"https:\/\/www.seah.net\/es\/wp-json\/wp\/v2\/pages\/8563\/revisions\/9417"}],"wp:attachment":[{"href":"https:\/\/www.seah.net\/es\/wp-json\/wp\/v2\/media?parent=8563"}],"curies":[{"name":"wp","href":"https:\/\/api.w.org\/{rel}","templated":true}]}}