{"id":8573,"date":"2015-03-17T22:56:52","date_gmt":"2015-03-17T21:56:52","guid":{"rendered":"https:\/\/www.seah.net\/nos-engagements\/"},"modified":"2022-01-05T15:19:31","modified_gmt":"2022-01-05T14:19:31","slug":"nos-engagements","status":"publish","type":"page","link":"https:\/\/www.seah.net\/es\/nos-engagements\/","title":{"rendered":"Nuestro compromiso"},"content":{"rendered":"<p>[mk_page_section attachment=&#8221;fixed&#8221; bg_position=&#8221;center top&#8221; bg_repeat=&#8221;no-repeat&#8221; bg_stretch=&#8221;true&#8221; enable_3d=&#8221;true&#8221; bg_gradient=&#8221;vertical&#8221; video_color_mask=&#8221;rgba(255,255,255,0.66)&#8221; gr_end=&#8221;#ffffff&#8221; video_opacity=&#8221;0.9&#8243; padding_top=&#8221;50&#8243; sidebar=&#8221;sidebar-1&#8243; first_page=&#8221;false&#8221; last_page=&#8221;false&#8221;][vc_column width=&#8221;1\/3&#8243;][mk_image src=&#8221;https:\/\/www.seah.net\/wp-content\/uploads\/2015\/03\/OK-SOPRO-006.jpg&#8221; image_height=&#8221;750&#8243; lightbox=&#8221;true&#8221; animation=&#8221;fade-in&#8221; crop=&#8221;false&#8221;][mk_padding_divider size=&#8221;80&#8243;][mk_image src=&#8221;https:\/\/www.seah.net\/wp-content\/uploads\/2016\/09\/responsabilit-environnementale.jpg&#8221; image_height=&#8221;600&#8243; lightbox=&#8221;true&#8221;][mk_padding_divider][\/vc_column][vc_column width=&#8221;2\/3&#8243;][vc_column_text disable_pattern=&#8221;false&#8221;]<\/p>\n<h2 class=\"p1\">Calidad &amp; Trazabilidad<\/h2>\n<p>Respuestas apropiadas y satisfacci\u00f3n del cliente son el leitmotiv de nuestros equipos SEAH International. La selecci\u00f3n rigurosa de nuestros proveedores con especificaciones muy estrictas y requisitos en materia de certificaci\u00f3n y sistemas de calidad son normas imperativas.<\/p>\n<p>Asumimos auditor\u00edas regulares por parte de nuestros proveedores y socios para garantizar la calidad, trazabilidad y transparencia a lo largo de la cadena de suministro.<\/p>\n<p>Gracias a nuestra presencia internacional, las materias primas son controladas durante las diferentes etapas del proceso: en curso de producci\u00f3n, antes del embarque y despu\u00e9s de la recepci\u00f3n para garantizar la seguridad sanitaria de la mercanc\u00eda entregada.<\/p>\n<p>Nuestros ingredientes son analizados por laboratorios acreditados que garantizan la conformidad de los productos con la reglamentaci\u00f3n en vigor y ofrecerle productos de excelencia.<\/p>\n<h2 class=\"p1\">Responsabilidad medioambiental<\/h2>\n<p>Nuestra actividad que valoriza y desarrolla lo mejor que el planeta produce, se basa en el enfoque sostenible.<br \/>\nSEAH International est\u00e1 comprometida a desarrollar ingredientes innovadores tanto a nivel funcional como nutricional, garantizando la preservaci\u00f3n de los recursos naturales y del medio ambiente.<\/p>\n<h2 class=\"p1\">\u00c9tica societal<\/h2>\n<p>Nuestro equipo de hombres y mujeres son la base de nuestro \u00e9xito. El respeto al ser humano y a su bienestar en el lugar de trabajo es parte de nuestro compromiso.<br \/>\nNuestros a\u00f1os de experiencia nos han permitido enlazarnos con nuestros socios y compartir con ellos valores comunes de di\u00e1logo, diversidad, transparencia&#8230;<\/p>\n<h2 class=\"p1\"><\/h2>\n<p>[\/vc_column_text][mk_padding_divider size=&#8221;20&#8243;][\/vc_column][\/mk_page_section]<\/p>\n","protected":false},"excerpt":{"rendered":"<p>[mk_page_section attachment=&#8221;fixed&#8221; bg_position=&#8221;center top&#8221; bg_repeat=&#8221;no-repeat&#8221; bg_stretch=&#8221;true&#8221; enable_3d=&#8221;true&#8221; bg_gradient=&#8221;vertical&#8221; video_color_mask=&#8221;rgba(255,255,255,0.66)&#8221; gr_end=&#8221;#ffffff&#8221; video_opacity=&#8221;0.9&#8243; padding_top=&#8221;50&#8243; sidebar=&#8221;sidebar-1&#8243; first_page=&#8221;false&#8221; last_page=&#8221;false&#8221;][vc_column width=&#8221;1\/3&#8243;][mk_image src=&#8221;https:\/\/www.seah.net\/wp-content\/uploads\/2015\/03\/OK-SOPRO-006.jpg&#8221; image_height=&#8221;750&#8243; lightbox=&#8221;true&#8221; animation=&#8221;fade-in&#8221; crop=&#8221;false&#8221;][mk_padding_divider size=&#8221;80&#8243;][mk_image src=&#8221;https:\/\/www.seah.net\/wp-content\/uploads\/2016\/09\/responsabilit-environnementale.jpg&#8221; image_height=&#8221;600&#8243; lightbox=&#8221;true&#8221;][mk_padding_divider][\/vc_column][vc_column width=&#8221;2\/3&#8243;][vc_column_text disable_pattern=&#8221;false&#8221;] Calidad &amp; Trazabilidad Respuestas apropiadas y satisfacci\u00f3n del cliente son el leitmotiv de nuestros equipos SEAH International. La selecci\u00f3n rigurosa de nuestros proveedores con especificaciones muy estrictas y [&hellip;]<\/p>\n","protected":false},"author":6,"featured_media":0,"parent":0,"menu_order":0,"comment_status":"open","ping_status":"closed","template":"","meta":{"_acf_changed":false,"footnotes":""},"class_list":["post-8573","page","type-page","status-publish","hentry"],"acf":[],"_links":{"self":[{"href":"https:\/\/www.seah.net\/es\/wp-json\/wp\/v2\/pages\/8573","targetHints":{"allow":["GET"]}}],"collection":[{"href":"https:\/\/www.seah.net\/es\/wp-json\/wp\/v2\/pages"}],"about":[{"href":"https:\/\/www.seah.net\/es\/wp-json\/wp\/v2\/types\/page"}],"author":[{"embeddable":true,"href":"https:\/\/www.seah.net\/es\/wp-json\/wp\/v2\/users\/6"}],"replies":[{"embeddable":true,"href":"https:\/\/www.seah.net\/es\/wp-json\/wp\/v2\/comments?post=8573"}],"version-history":[{"count":8,"href":"https:\/\/www.seah.net\/es\/wp-json\/wp\/v2\/pages\/8573\/revisions"}],"predecessor-version":[{"id":9196,"href":"https:\/\/www.seah.net\/es\/wp-json\/wp\/v2\/pages\/8573\/revisions\/9196"}],"wp:attachment":[{"href":"https:\/\/www.seah.net\/es\/wp-json\/wp\/v2\/media?parent=8573"}],"curies":[{"name":"wp","href":"https:\/\/api.w.org\/{rel}","templated":true}]}}