{"id":8589,"date":"2015-04-21T15:14:30","date_gmt":"2015-04-21T14:14:30","guid":{"rendered":"https:\/\/www.seah.net\/qualiterecherche-et-developpement\/"},"modified":"2017-11-10T18:19:30","modified_gmt":"2017-11-10T17:19:30","slug":"qualiterecherche-et-developpement","status":"publish","type":"page","link":"https:\/\/www.seah.net\/es\/qualiterecherche-et-developpement\/","title":{"rendered":"Investigaci\u00f3n y desarrollo"},"content":{"rendered":"<p>[mk_page_section attachment=&#8221;fixed&#8221; bg_position=&#8221;center top&#8221; bg_repeat=&#8221;no-repeat&#8221; bg_stretch=&#8221;true&#8221; enable_3d=&#8221;true&#8221; bg_gradient=&#8221;vertical&#8221; video_color_mask=&#8221;rgba(255,255,255,0.66)&#8221; gr_end=&#8221;#ffffff&#8221; video_opacity=&#8221;0.9&#8243; padding_top=&#8221;50&#8243; sidebar=&#8221;sidebar-1&#8243; first_page=&#8221;false&#8221; last_page=&#8221;false&#8221;][vc_column width=&#8221;1\/3&#8243;][mk_image src=&#8221;https:\/\/www.seah.net\/wp-content\/uploads\/2015\/03\/OK-SEAH-008.jpg&#8221; image_height=&#8221;738&#8243; lightbox=&#8221;true&#8221; animation=&#8221;fade-in&#8221; crop=&#8221;false&#8221;][mk_padding_divider][\/vc_column][vc_column width=&#8221;2\/3&#8243;][vc_column_text disable_pattern=&#8221;false&#8221;]<\/p>\n<h2 class=\"p1\">Soluciones innovadoras<\/h2>\n<p>SEAH International permanentemente invierte y se enfoca en la investigaci\u00f3n y el desarrollo din\u00e1mico y creativo, proponiendo soluciones innovadoras de acuerdo con los requisitos de sus clientes.<br \/>\nPara lograrlo, ha establecido una supervisi\u00f3n cient\u00edfica y una colaboraci\u00f3n estrecha con universidades y centros de investigaci\u00f3n mundialmente reconocidos en el desarrollo de los ingredientes del futuro, asegurando el respeto al impacto medio-ambiental y el car\u00e1cter sostenible de los proyectos.<\/p>\n<h2 class=\"p1\"><\/h2>\n<p>[\/vc_column_text][\/vc_column][\/mk_page_section]<\/p>\n","protected":false},"excerpt":{"rendered":"<p>[mk_page_section attachment=&#8221;fixed&#8221; bg_position=&#8221;center top&#8221; bg_repeat=&#8221;no-repeat&#8221; bg_stretch=&#8221;true&#8221; enable_3d=&#8221;true&#8221; bg_gradient=&#8221;vertical&#8221; video_color_mask=&#8221;rgba(255,255,255,0.66)&#8221; gr_end=&#8221;#ffffff&#8221; video_opacity=&#8221;0.9&#8243; padding_top=&#8221;50&#8243; sidebar=&#8221;sidebar-1&#8243; first_page=&#8221;false&#8221; last_page=&#8221;false&#8221;][vc_column width=&#8221;1\/3&#8243;][mk_image src=&#8221;https:\/\/www.seah.net\/wp-content\/uploads\/2015\/03\/OK-SEAH-008.jpg&#8221; image_height=&#8221;738&#8243; lightbox=&#8221;true&#8221; animation=&#8221;fade-in&#8221; crop=&#8221;false&#8221;][mk_padding_divider][\/vc_column][vc_column width=&#8221;2\/3&#8243;][vc_column_text disable_pattern=&#8221;false&#8221;] Soluciones innovadoras SEAH International permanentemente invierte y se enfoca en la investigaci\u00f3n y el desarrollo din\u00e1mico y creativo, proponiendo soluciones innovadoras de acuerdo con los requisitos de sus clientes. Para lograrlo, ha [&hellip;]<\/p>\n","protected":false},"author":6,"featured_media":0,"parent":0,"menu_order":0,"comment_status":"open","ping_status":"closed","template":"","meta":{"_acf_changed":false,"footnotes":""},"class_list":["post-8589","page","type-page","status-publish","hentry"],"acf":[],"_links":{"self":[{"href":"https:\/\/www.seah.net\/es\/wp-json\/wp\/v2\/pages\/8589","targetHints":{"allow":["GET"]}}],"collection":[{"href":"https:\/\/www.seah.net\/es\/wp-json\/wp\/v2\/pages"}],"about":[{"href":"https:\/\/www.seah.net\/es\/wp-json\/wp\/v2\/types\/page"}],"author":[{"embeddable":true,"href":"https:\/\/www.seah.net\/es\/wp-json\/wp\/v2\/users\/6"}],"replies":[{"embeddable":true,"href":"https:\/\/www.seah.net\/es\/wp-json\/wp\/v2\/comments?post=8589"}],"version-history":[{"count":4,"href":"https:\/\/www.seah.net\/es\/wp-json\/wp\/v2\/pages\/8589\/revisions"}],"predecessor-version":[{"id":8590,"href":"https:\/\/www.seah.net\/es\/wp-json\/wp\/v2\/pages\/8589\/revisions\/8590"}],"wp:attachment":[{"href":"https:\/\/www.seah.net\/es\/wp-json\/wp\/v2\/media?parent=8589"}],"curies":[{"name":"wp","href":"https:\/\/api.w.org\/{rel}","templated":true}]}}